{"id":21,"date":"2022-10-10T07:22:10","date_gmt":"2022-10-10T07:22:10","guid":{"rendered":"http:\/\/partyinljubljana.com\/?page_id=21"},"modified":"2023-10-18T13:01:35","modified_gmt":"2023-10-18T13:01:35","slug":"club-di-lubiana","status":"publish","type":"page","link":"https:\/\/partyinljubljana.com\/it\/ljubljana-clubs\/","title":{"rendered":"I migliori club di Lubiana"},"content":{"rendered":"<p>Lubiana \u00e8 una delle capitali pi\u00f9 piccole d'Europa, ma la sua vita notturna pu\u00f2 competere con le pi\u00f9 grandi. Anche i pi\u00f9 selettivi troveranno sicuramente pane per i loro denti nella sua considerevole schiera di locali.<\/p>\n\n\n\n<p>Abbiamo preparato un'introduzione al <strong>I migliori club di Lubiana<\/strong>per farvi conoscere i luoghi che potreste visitare durante il vostro soggiorno in Slovenia.<\/p>\n\n\n\n<p><\/p>\n\n\n\n<h2 class=\"wp-block-heading\">Cirkus Club<\/h2>\n\n\n\n<p>Cirkus \u00e8 considerato il <strong>la migliore discoteca di Lubiana<\/strong>. Ogni settimana, dal mercoled\u00ec al sabato, ospita una serie di eventi diversi.<\/p>\n\n\n\n<p>La musica spazia dal pop mainstream al latino, al R'n'B e al balcanico, a seconda dell'evento e del DJ. I proprietari scelgono con cura i migliori DJ per ogni serata, in modo che la qualit\u00e0 dei brani sia sempre alta.<\/p>\n\n\n\n\n\n<p>Il club offre <strong>VIP<\/strong> e <strong>Super VIP<\/strong> esperienze, con <strong>tavoli privati<\/strong> disponibili per la prenotazione. L'ingresso standard \u00e8 di 10 \u20ac, mentre quello VIP costa 20 \u20ac.<\/p>\n\n\n\n<p>Il Cirkus si trova appena fuori dal centro di Lubiana, il che lo rende adatto a essere visitato a piedi dai vicini hotel e ostelli.<\/p>\n\n\n\n<h2 class=\"wp-block-heading\">Ristorante Nebo Show<\/h2>\n\n\n\n<p>Uno degli ultimi arrivati nella vita notturna di Lubiana, il Nebo Show Restaurant opera come locale relativamente <strong>ristorante di fascia alta<\/strong> durante il giorno e ospita <strong>eventi musicali con ballerini professionisti <\/strong>una volta che il sole \u00e8 tramontato.<\/p>\n\n\n\n\n\n<p>Si trova in cima ad uno degli edifici pi\u00f9 alti del centro citt\u00e0 e vanta un'ottima posizione. <strong>vista panoramica di Lubiana<\/strong> si \u00e8 accasciata sotto di noi.<\/p>\n\n\n\n<p>Nebo \u00e8 la scelta ottimale se state cercando di <strong>festa in Slovenia con classe<\/strong>ma non dimenticate di portare con voi i vostri abiti migliori, perch\u00e9 potrebbero non farvi entrare se non siete all'altezza delle loro <strong>codice di abbigliamento<\/strong> standard.<\/p>\n\n\n\n<h2 class=\"wp-block-heading\">Square Club<\/h2>\n\n\n\n<p>Si trova nella Piazza del Congresso di Lubiana ed \u00e8 il <strong>il club pi\u00f9 vicino al centro citt\u00e0<\/strong>. I visitatori tendono ad amare il suo ambiente invitante con ottima musica.<\/p>\n\n\n\n\n\n<p>La quota d'iscrizione si aggira solitamente intorno ai 10\u20ac, ma si tengono anche eventi che sono <strong>gratuito<\/strong>Come il loro Picnic settimanale, che si svolge ogni gioved\u00ec.<\/p>\n\n\n\n<p>Se volete socializzare con i giovani, non potete sbagliare con lo Square Club.<\/p>\n\n\n\n<h2 class=\"wp-block-heading\">Club dei tiratori<\/h2>\n\n\n\n<p>Lo Shooters Club \u00e8 aperto tutte le sere dal marted\u00ec al sabato, e c'\u00e8 <strong>nessun biglietto d'ingresso<\/strong>. Anche se relativamente piccolo, \u00e8 molto popolare e la gente si precipita ogni sera per trovare un posto all'interno.<\/p>\n\n\n\n\n\n<p>Allo Shooters Club si pu\u00f2 ballare al ritmo del pop commerciale, dei Balcani e persino dell'EDM. <strong>tutti i tipi di musica<\/strong> miscele per soddisfare la variet\u00e0 dei suoi visitatori.<\/p>\n\n\n\n<h2 class=\"wp-block-heading\">Club K4<\/h2>\n\n\n\n<p>Il Club K4 \u00e8 il<strong> leader della scena techno-musicale di Lubiana<\/strong>. Occupa l'area del seminterrato di un edificio nel centro di Lubiana, conferendogli un carattere specifico. <strong>atmosfera underground<\/strong>.<\/p>\n\n\n\n\n\n<p>Le tariffe d'ingresso variano a seconda degli eventi, poich\u00e9 collaborano regolarmente con oltre 30 artisti per garantire grande musica ogni sera.<\/p>\n\n\n\n<p>Una nota importante da menzionare \u00e8 che l'unico ostello per feste di Lubiana, ZZZ, si trova nello stesso edificio, quindi non dovrete camminare molto per trovare un letto caldo dopo una notte di festa.<\/p>\n\n\n\n<h2 class=\"wp-block-heading\">Club Cvetli\u010darna<\/h2>\n\n\n\n<p>Cvetli\u010darna \u00e8 il <strong>il pi\u00f9 grande club di Lubiana<\/strong>, in funzione dal 2003. Ospita solo eventi e concerti e non \u00e8 aperto al di fuori di queste occasioni, per cui \u00e8 sempre bene informarsi in anticipo se c'\u00e8 qualcosa in programma.<\/p>\n\n\n\n\n\n<p>Inoltre, si registra regolarmente il tutto esaurito, per cui si consiglia di acquistare i biglietti in anticipo. I prezzi dipendono in gran parte da chi ospita l'evento e variano da 10\u20ac a 25\u20ac, raramente superiori.<\/p>\n\n\n\n<p>Si trova a circa 3 chilometri dal centro citt\u00e0, quindi molto probabilmente dovrete prendere un taxi per tornare al vostro alloggio, a meno che non si trovi nelle vicinanze.<\/p>\n\n\n\n<h2 class=\"wp-block-heading\">Centro d'arte Metelkova<\/h2>\n\n\n\n<p>La citt\u00e0 di Metelkova si distingue da tutte le altre perch\u00e9 non \u00e8 un vero e proprio club ma una <strong>centro sociale e culturale autonomo<\/strong> come rifugio per gli artisti moderni e luogo in cui esprimere la propria creativit\u00e0, come a Berlino. La sua esistenza ha un tono politico che deriva dal movimento hippie americano.<\/p>\n\n\n\n\n\n<p>Si \u00e8 guadagnata il posto in questa lista perch\u00e9 la comunit\u00e0 gestisce pi\u00f9 di qualche club e bar che ospitano regolarmente eventi che attraggono persone interessate a <strong>musica alternativa<\/strong> e la scena in generale. Alcuni di questi sono i casi in cui i membri del <strong>LGBTQ<\/strong> comunit\u00e0 pu\u00f2 sentirsi pi\u00f9 a casa.<\/p>\n\n\n\n<p>I club di solito fanno pagare un biglietto d'ingresso per i loro eventi, ma le persone amano anche frequentare i bar e lo spazio comunitario al chiaro di luna.<\/p>\n\n\n\n<h3 class=\"wp-block-heading\">Siete pronti a festeggiare con noi?<\/h3>\n\n\n\n<p>Se vi sentite sopraffatti da tutto ci\u00f2 che offre la vita notturna di Lubiana, non preoccupatevi e date un'occhiata alle nostre <a href=\"https:\/\/partyinljubljana.com\/it\/pub-ljubljana\/\">Giro dei pub di Lubiana<\/a>dove visiterete i cinque migliori club e pub della citt\u00e0 con un divertente gruppo di compagni di viaggio e guide.&nbsp;<\/p>\n\n\n\n<p>E se qualcuno di questi club ha catturato la vostra attenzione, date un'occhiata ai nostri <a href=\"https:\/\/partyinljubljana.com\/it\/guida-per-feste-private\/\">Guida alle feste private<\/a>Possiamo organizzare un pacchetto festa per voi e il vostro gruppo di amici nel luogo che preferite.<\/p>","protected":false},"excerpt":{"rendered":"<p>Lubiana \u00e8 una delle capitali pi\u00f9 piccole d'Europa, ma la sua vita notturna pu\u00f2 competere con le pi\u00f9 grandi. Anche i pi\u00f9 selettivi troveranno sicuramente pane per i loro denti nella sua considerevole schiera di locali. Abbiamo preparato un'introduzione alle migliori discoteche di Lubiana, in modo che possiate conoscere i luoghi che potreste ... <a href=\"https:\/\/partyinljubljana.com\/it\/ljubljana-clubs\/\">Continua<\/a><\/p>","protected":false},"author":45,"featured_media":175,"parent":0,"menu_order":0,"comment_status":"closed","ping_status":"closed","template":"","meta":{"footnotes":""},"class_list":["post-21","page","type-page","status-publish","has-post-thumbnail","hentry"],"acf":{"page_subheading":"Find out everything there is to know about the best clubs in Ljubljana and visit some of them with our nightlife guides for a party without limits."},"_links":{"self":[{"href":"https:\/\/partyinljubljana.com\/it\/wp-json\/wp\/v2\/pages\/21","targetHints":{"allow":["GET"]}}],"collection":[{"href":"https:\/\/partyinljubljana.com\/it\/wp-json\/wp\/v2\/pages"}],"about":[{"href":"https:\/\/partyinljubljana.com\/it\/wp-json\/wp\/v2\/types\/page"}],"author":[{"embeddable":true,"href":"https:\/\/partyinljubljana.com\/it\/wp-json\/wp\/v2\/users\/45"}],"replies":[{"embeddable":true,"href":"https:\/\/partyinljubljana.com\/it\/wp-json\/wp\/v2\/comments?post=21"}],"version-history":[{"count":39,"href":"https:\/\/partyinljubljana.com\/it\/wp-json\/wp\/v2\/pages\/21\/revisions"}],"predecessor-version":[{"id":69701,"href":"https:\/\/partyinljubljana.com\/it\/wp-json\/wp\/v2\/pages\/21\/revisions\/69701"}],"wp:featuredmedia":[{"embeddable":true,"href":"https:\/\/partyinljubljana.com\/it\/wp-json\/wp\/v2\/media\/175"}],"wp:attachment":[{"href":"https:\/\/partyinljubljana.com\/it\/wp-json\/wp\/v2\/media?parent=21"}],"curies":[{"name":"wp","href":"https:\/\/api.w.org\/{rel}","templated":true}]}}