{"id":39,"date":"2022-10-10T07:39:55","date_gmt":"2022-10-10T07:39:55","guid":{"rendered":"http:\/\/partyinljubljana.com\/?page_id=39"},"modified":"2022-10-22T12:55:36","modified_gmt":"2022-10-22T12:55:36","slug":"festa-di-capodanno-a-lubiana","status":"publish","type":"page","link":"https:\/\/partyinljubljana.com\/it\/new-year-party-in-ljubljana\/","title":{"rendered":"Festa di Capodanno a Lubiana"},"content":{"rendered":"<p>Il Capodanno \u00e8 il momento in cui Lubiana prende veramente vita. La gente si affolla sotto le <strong>Decorazioni natalizie<\/strong> illuminando le strade del centro citt\u00e0, l'aria ricca di aspettative per l'arrivo del nuovo anno.<\/p>\n\n\n\n<p>Gli stand della stagione invernale sono in vendita <strong>vin brul\u00e8<\/strong> I bar sono pieni di gente che vuole iniziare il nuovo ciclo della Terra nel modo giusto: socializzando e divertendosi.<\/p>\n\n\n\n<p>E voi siete i benvenuti a unirvi a loro!<\/p>\n\n\n\n<figure class=\"wp-block-image size-large\"><img decoding=\"async\" src=\"https:\/\/partyinljubljana.com\/wp-content\/uploads\/pub-crawl-beer-1024x683.webp\" alt=\"\" class=\"wp-image-118\"\/><figcaption>Bevete una birra mentre aspettate la mezzanotte.<\/figcaption><\/figure>\n\n\n\n<p>Se c'\u00e8 un momento in cui fare festa a Lubiana \u00e8 d'obbligo, \u00e8 proprio questa notte di festa. I locali ospitano eventi speciali e la gente si lascia andare completamente nello spirito della stagione festiva.<\/p>\n\n\n\n<h2 class=\"wp-block-heading\">Capodanno nei pub di Lubiana<\/h2>\n\n\n\n<p>Il nostro <a href=\"https:\/\/partyinljubljana.com\/it\/pub-ljubljana\/\">Giro dei pub di Lubiana<\/a> Dopo che le nostre guide si sono prese un po' di tempo libero a novembre e per la maggior parte di dicembre, non potrete mai sperimentare un pub crawl pi\u00f9 folle di quello della notte di Capodanno.<\/p>\n\n\n\n<figure class=\"wp-block-image size-large\"><img decoding=\"async\" src=\"https:\/\/partyinljubljana.com\/wp-content\/uploads\/Party-In-Clubs-Ljubljana-1024x683.webp\" alt=\"\" class=\"wp-image-113\"\/><figcaption>Visitate tutti i migliori luoghi di festa di Lubiana!<\/figcaption><\/figure>\n\n\n\n<p>Visiteremo il <strong>i bar pi\u00f9 popolari della citt\u00e0<\/strong>, giocare <strong>giochi alcolici<\/strong>, e <strong>cantare al karaoke<\/strong> (Conoscete qualche canzone a tema natalizio?) in attesa che scocchi la mezzanotte. Il momento clou sar\u00e0 quello di urlare e augurarsi \"Buon Anno\" sotto la pioggia di <strong>fuochi d'artificio<\/strong> prima di dirigersi verso l'ultima tappa della festa in una delle <strong>le migliori discoteche di Lubiana<\/strong>.<\/p>\n\n\n\n<p>Una persona in media vive circa settanta Capodanni, e crediamo che quello che trascorrerete durante il nostro pub crawl a Lubiana sar\u00e0 tra quelli a cui ripenserete con una scintilla negli occhi.<\/p>\n\n\n\n\n\n<h2 class=\"wp-block-heading\">Festa di Capodanno al Cirkus Club<\/h2>\n\n\n\n<p>E se desiderate un'esclusiva festa di Capodanno a Lubiana, potete trascorrerlo al <strong>Cirkus Club<\/strong> scegliendo uno dei nostri pacchetti per la festa di Capodanno, dall'ingresso standard al pacchetto tavolo super VIP. <\/p>\n\n\n\n<figure class=\"wp-block-image size-large\"><img decoding=\"async\" src=\"https:\/\/partyinljubljana.com\/wp-content\/uploads\/Bar-Crawl-Ljubljana-1024x683.webp\" alt=\"\" class=\"wp-image-108\"\/><figcaption>\u00c8 ora di festeggiare!<\/figcaption><\/figure>\n\n\n\n<p>Potrete trascorrere la serata ballando sulle note dei pi\u00f9 grandi successi a un tavolo privato con champagne e altre bevande nella sala da ballo. <strong>il locale da ballo pi\u00f9 selvaggio della citt\u00e0<\/strong>.<\/p>\n\n\n\n\n\n<h3 class=\"wp-block-heading\">Buon anno!<\/h3>\n\n\n\n<p>Siete pronti a <strong>festeggiare l'arrivo del nuovo anno nel modo pi\u00f9 pazzo possibile<\/strong> possibile?&nbsp;<\/p>\n\n\n\n<p>Venite a festeggiare con noi e vi assicuriamo che non ve ne pentirete!<\/p>","protected":false},"excerpt":{"rendered":"<p>Capodanno \u00e8 il momento in cui Lubiana prende veramente vita. La gente si affolla sotto le decorazioni natalizie che illuminano le strade del centro, l'aria \u00e8 ricca di aspettative per l'arrivo del nuovo anno. Le bancarelle della stagione invernale vendono vin brul\u00e9 per riscaldarsi e i bar traboccano di gente intenta a ... <a href=\"https:\/\/partyinljubljana.com\/it\/new-year-party-in-ljubljana\/\">Continua<\/a><\/p>","protected":false},"author":45,"featured_media":143,"parent":0,"menu_order":0,"comment_status":"closed","ping_status":"closed","template":"","meta":{"footnotes":""},"class_list":["post-39","page","type-page","status-publish","has-post-thumbnail","hentry"],"acf":{"page_subheading":"Celebrate the festive night partying in the heart of Slovenia\u2019s capital, visiting the best nightlife bars and clubs, enjoying champagne, and watching fireworks."},"_links":{"self":[{"href":"https:\/\/partyinljubljana.com\/it\/wp-json\/wp\/v2\/pages\/39","targetHints":{"allow":["GET"]}}],"collection":[{"href":"https:\/\/partyinljubljana.com\/it\/wp-json\/wp\/v2\/pages"}],"about":[{"href":"https:\/\/partyinljubljana.com\/it\/wp-json\/wp\/v2\/types\/page"}],"author":[{"embeddable":true,"href":"https:\/\/partyinljubljana.com\/it\/wp-json\/wp\/v2\/users\/45"}],"replies":[{"embeddable":true,"href":"https:\/\/partyinljubljana.com\/it\/wp-json\/wp\/v2\/comments?post=39"}],"version-history":[{"count":18,"href":"https:\/\/partyinljubljana.com\/it\/wp-json\/wp\/v2\/pages\/39\/revisions"}],"predecessor-version":[{"id":2391,"href":"https:\/\/partyinljubljana.com\/it\/wp-json\/wp\/v2\/pages\/39\/revisions\/2391"}],"wp:featuredmedia":[{"embeddable":true,"href":"https:\/\/partyinljubljana.com\/it\/wp-json\/wp\/v2\/media\/143"}],"wp:attachment":[{"href":"https:\/\/partyinljubljana.com\/it\/wp-json\/wp\/v2\/media?parent=39"}],"curies":[{"name":"wp","href":"https:\/\/api.w.org\/{rel}","templated":true}]}}