{"id":45,"date":"2022-10-10T07:45:01","date_gmt":"2022-10-10T07:45:01","guid":{"rendered":"http:\/\/partyinljubljana.com\/?page_id=45"},"modified":"2024-03-01T13:43:02","modified_gmt":"2024-03-01T13:43:02","slug":"chi-siamo","status":"publish","type":"page","link":"https:\/\/partyinljubljana.com\/it\/about-us\/","title":{"rendered":"Chi siamo"},"content":{"rendered":"<p>Come forse molti di voi possono capire, ho trascorso la maggior parte dei miei giorni da studente facendo festa tutta la notte e dormendo tutto il giorno. Ma non \u00e8 proprio quello che si dovrebbe fare?<\/p>\n\n\n\n<p>Ho sempre amato conoscere nuove persone, cos\u00ec come amavo uscire la sera con i miei amici. Era tutto ci\u00f2 di cui la mia vita aveva bisogno. Se potessi, farei delle feste e della socializzazione il mio lavoro.<\/p>\n\n\n\n<p>E alla fine l'ho fatto!<\/p>\n\n\n\n<figure class=\"wp-block-image size-large\"><img decoding=\"async\" src=\"https:\/\/partyinljubljana.com\/wp-content\/uploads\/Ljubljana-Pub-Crawl-1024x683.webp\" alt=\"\" class=\"wp-image-111\"\/><figcaption class=\"wp-element-caption\">Festeggiare a Lubiana<\/figcaption><\/figure>\n\n\n\n<p>\u00c8 successo tutto spontaneamente, perch\u00e9 dall'incontrare e mantenere i contatti con i frequentatori stranieri di feste si \u00e8 passati a mostrare i segreti della vita notturna di Lubiana ai loro amici durante le loro visite, e cos\u00ec via fino a quando pi\u00f9 persone hanno iniziato a mostrare interesse per le mie iniziative.<\/p>\n\n\n\n<p>A un certo punto \u00e8 scattato il colpo di fulmine e ho capito che la mia conoscenza della vita notturna di Lubiana poteva aiutare a orientare molte persone che si trovano in Slovenia per una sosta veloce e vogliono fare il botto per una notte!<\/p>\n\n\n\n<p>Con Party in Ljubljana, sto facendo proprio questo. Sto facendo divertire le persone e non mi sono mai sentita cos\u00ec viva. Non vedo l'ora di incontrarvi tutti e di festeggiare con voi per tutta la notte!<\/p>\n\n\n\n<h2 class=\"wp-block-heading\">Offriamo alle persone l'opportunit\u00e0 di festeggiare come non hanno mai fatto prima.<\/h2>\n\n\n\n<p>Il team che ho raccolto intorno a me nel corso degli anni \u00e8 composto da <strong>persone energiche che la pensano allo stesso modo<\/strong> che sono tutti altrettanto determinati a far vivere ai nostri clienti l'esperienza di vita notturna pi\u00f9 selvaggia di sempre.<\/p>\n\n\n\n<figure class=\"wp-block-image size-large\"><img decoding=\"async\" src=\"https:\/\/partyinljubljana.com\/wp-content\/uploads\/Party-Guide-Ljubljana-1024x683.webp\" alt=\"\" class=\"wp-image-112\"\/><figcaption class=\"wp-element-caption\">La nostra missione \u00e8 regalare alle persone il tempo della loro vita<\/figcaption><\/figure>\n\n\n\n<p>Grazie al nostro background, non c'\u00e8 quasi nulla che non sappiamo su Lubiana e su dove fare festa in determinati giorni. Conosciamo i migliori bar e club della citt\u00e0 meglio del palmo delle nostre mani e potete trovarli su <a href=\"https:\/\/partyinljubljana.com\/it\/bar-di-lubiana\/\">Bar di Lubiana<\/a> e <a href=\"https:\/\/partyinljubljana.com\/it\/club-di-lubiana\/\">Club di Lubiana<\/a>, rispettivamente.<\/p>\n\n\n\n<p>Ricordate che visitandoli nella nostra azienda avrete sempre un trattamento di favore \ud83d\ude09 ; <strong>ingresso libero<\/strong>, a <strong>tiro libero<\/strong> qua e l\u00e0, e anche un <strong>saltare le file d'ingresso<\/strong>.<\/p>\n\n\n\n<p>Questo non \u00e8 nemmeno l'unico vantaggio che si ottiene festeggiando con noi. Siamo molto orgogliosi di essere bravi a far entrare in sintonia persone completamente estranee prima dell'inizio della serata. Abbiamo imparato che scatenarsi insieme tende ad avvicinare le persone!<\/p>\n\n\n\n<figure class=\"wp-block-image size-large\"><img decoding=\"async\" src=\"https:\/\/partyinljubljana.com\/wp-content\/uploads\/pub-crawl-fun-1024x780.webp\" alt=\"\" class=\"wp-image-123\"\/><figcaption class=\"wp-element-caption\">Le persone si legano facendo festa insieme<\/figcaption><\/figure>\n\n\n\n<p>\u00c8 arrivato il momento di vivere questa folle notte di festa di cui non facciamo altro che parlare, quindi date un'occhiata al nostro <a href=\"https:\/\/partyinljubljana.com\/it\/pub-ljubljana\/\">Giro dei pub di Lubiana<\/a> e <a href=\"https:\/\/partyinljubljana.com\/it\/guida-per-feste-private\/\">Guida alle feste private<\/a> per prenotare il tuo posto con quello pi\u00f9 adatto a te!<\/p>\n\n\n\n<h2 class=\"wp-block-heading\">\u00c8 l'ora del beer pong!<\/h2>\n\n\n\n<p>Siamo una squadra affiatata e lavoriamo <strong>senza intermediari<\/strong>. Tutto passa attraverso la nostra azienda e ci sono <strong>nessuna spesa nascosta<\/strong>. Il vostro denaro viene utilizzato direttamente per offrirvi un'esperienza indimenticabile.<\/p>\n\n\n\n<p>Non dovete preoccuparvi se prenotate in anticipo la vostra esperienza di festa, perch\u00e9 siamo un'azienda di<strong> azienda finanziariamente protetta<\/strong>per cui il vostro denaro \u00e8 al sicuro in nostro possesso.<\/p>\n\n\n\n<figure class=\"wp-block-image size-large\"><img loading=\"lazy\" decoding=\"async\" width=\"1024\" height=\"651\" src=\"https:\/\/partyinljubljana.com\/wp-content\/uploads\/pb-beer-pong-1024x651.webp\" alt=\"\" class=\"wp-image-116\" srcset=\"https:\/\/partyinljubljana.com\/wp-content\/uploads\/pb-beer-pong-1024x651.webp 1024w, https:\/\/partyinljubljana.com\/wp-content\/uploads\/pb-beer-pong-300x191.webp 300w, https:\/\/partyinljubljana.com\/wp-content\/uploads\/pb-beer-pong-768x488.webp 768w, https:\/\/partyinljubljana.com\/wp-content\/uploads\/pb-beer-pong-1536x976.webp 1536w, https:\/\/partyinljubljana.com\/wp-content\/uploads\/pb-beer-pong-18x12.webp 18w, https:\/\/partyinljubljana.com\/wp-content\/uploads\/pb-beer-pong.webp 2000w\" sizes=\"auto, (max-width: 1024px) 100vw, 1024px\" \/><figcaption class=\"wp-element-caption\">Riuscite a batterci a beer pong?<\/figcaption><\/figure>\n\n\n\n<p>Forse vi siete imbattuti nella nostra pagina per caso, ma noi lavoriamo con molti partner fidati su <a href=\"https:\/\/slovenia-discovery.com\/\">Slovenia Scoperta<\/a>, per cui dovreste controllare, tra cui <a href=\"https:\/\/pubcrawlljubljana.com\/\">Giro dei pub di Lubiana<\/a> e <a href=\"https:\/\/ljubljananightlife.com\/\">Vita notturna a Lubiana<\/a>.<\/p>\n\n\n\n<p>Organizziamo anche i pi\u00f9 folli weekend di addio al celibato a <a href=\"https:\/\/hvarstagdo.com\/\">Addio al celibato a Hvar<\/a> e <a href=\"https:\/\/stagpartyljubljana.com\/sl\/\">Addio al celibato a Lubiana<\/a>.<\/p>\n\n\n\n<p>Ma se siete alla ricerca di qualcosa di pi\u00f9 tranquillo e raffinato, vi suggeriamo di dare un'occhiata a <a href=\"https:\/\/winetastingljubljana.com\/sl\/\">Degustazione di vini a Lubiana<\/a> o <a href=\"https:\/\/foodtourljubljana.com\/\">Tour gastronomico di Lubiana<\/a>che presenter\u00e0 Lubiana da una prospettiva diversa.<\/p>","protected":false},"excerpt":{"rendered":"<p>Come forse molti di voi possono capire, ho trascorso la maggior parte dei miei giorni da studente facendo festa tutta la notte e dormendo tutto il giorno. Ma non \u00e8 proprio quello che si dovrebbe fare? Mi \u00e8 sempre piaciuto conoscere nuove persone, cos\u00ec come mi piaceva uscire la sera con i miei amici. Era tutto ... <a href=\"https:\/\/partyinljubljana.com\/it\/about-us\/\">Continua<\/a><\/p>","protected":false},"author":45,"featured_media":114,"parent":0,"menu_order":0,"comment_status":"closed","ping_status":"closed","template":"","meta":{"footnotes":""},"class_list":["post-45","page","type-page","status-publish","has-post-thumbnail","hentry"],"acf":{"page_subheading":"We\u2019re a young team of nightlife experts from Ljubljana who want to show people how to party like there\u2019s no tomorrow. Care to challenge us to a beer pong match?"},"_links":{"self":[{"href":"https:\/\/partyinljubljana.com\/it\/wp-json\/wp\/v2\/pages\/45","targetHints":{"allow":["GET"]}}],"collection":[{"href":"https:\/\/partyinljubljana.com\/it\/wp-json\/wp\/v2\/pages"}],"about":[{"href":"https:\/\/partyinljubljana.com\/it\/wp-json\/wp\/v2\/types\/page"}],"author":[{"embeddable":true,"href":"https:\/\/partyinljubljana.com\/it\/wp-json\/wp\/v2\/users\/45"}],"replies":[{"embeddable":true,"href":"https:\/\/partyinljubljana.com\/it\/wp-json\/wp\/v2\/comments?post=45"}],"version-history":[{"count":17,"href":"https:\/\/partyinljubljana.com\/it\/wp-json\/wp\/v2\/pages\/45\/revisions"}],"predecessor-version":[{"id":93733,"href":"https:\/\/partyinljubljana.com\/it\/wp-json\/wp\/v2\/pages\/45\/revisions\/93733"}],"wp:featuredmedia":[{"embeddable":true,"href":"https:\/\/partyinljubljana.com\/it\/wp-json\/wp\/v2\/media\/114"}],"wp:attachment":[{"href":"https:\/\/partyinljubljana.com\/it\/wp-json\/wp\/v2\/media?parent=45"}],"curies":[{"name":"wp","href":"https:\/\/api.w.org\/{rel}","templated":true}]}}